{"id":2991,"date":"2024-08-18T13:53:01","date_gmt":"2024-08-18T11:53:01","guid":{"rendered":"https:\/\/sipa-arch.com\/imprint\/"},"modified":"2025-11-27T15:51:38","modified_gmt":"2025-11-27T14:51:38","slug":"impressum","status":"publish","type":"page","link":"https:\/\/sipa-arch.com\/en\/impressum\/","title":{"rendered":"Imprint"},"content":{"rendered":"\t\t<div data-elementor-type=\"wp-page\" data-elementor-id=\"2991\" class=\"elementor elementor-2991 elementor-252\" data-elementor-post-type=\"page\">\n\t\t\t\t<div class=\"elementor-element elementor-element-af00e93 e-flex e-con-boxed e-con e-parent\" data-id=\"af00e93\" data-element_type=\"container\">\n\t\t\t\t\t<div class=\"e-con-inner\">\n\t\t<div class=\"elementor-element elementor-element-1da2159 e-con-full e-flex e-con e-child\" data-id=\"1da2159\" data-element_type=\"container\">\n\t\t<div class=\"elementor-element elementor-element-82f3682 e-con-full e-flex e-con e-child\" data-id=\"82f3682\" data-element_type=\"container\">\n\t\t\t\t<div class=\"elementor-element elementor-element-a3a26c7 elementor-widget__width-auto elementor-widget elementor-widget-heading\" data-id=\"a3a26c7\" data-element_type=\"widget\" data-widget_type=\"heading.default\">\n\t\t\t\t<div class=\"elementor-widget-container\">\n\t\t\t\t\t<h2 class=\"elementor-heading-title elementor-size-default\">Imprint<\/h2>\t\t\t\t<\/div>\n\t\t\t\t<\/div>\n\t\t<div class=\"elementor-element elementor-element-b750bb6 e-con-full e-flex e-con e-child\" data-id=\"b750bb6\" data-element_type=\"container\">\n\t\t\t\t<div class=\"elementor-element elementor-element-256dfbb elementor-widget elementor-widget-text-editor\" data-id=\"256dfbb\" data-element_type=\"widget\" data-widget_type=\"text-editor.default\">\n\t\t\t\t<div class=\"elementor-widget-container\">\n\t\t\t\t\t\t\t\t\tsipa Architektur,\t\t\t\t\t\t\t\t<\/div>\n\t\t\t\t<\/div>\n\t\t\t\t<div class=\"elementor-element elementor-element-a16f2fc elementor-widget elementor-widget-text-editor\" data-id=\"a16f2fc\" data-element_type=\"widget\" data-widget_type=\"text-editor.default\">\n\t\t\t\t<div class=\"elementor-widget-container\">\n\t\t\t\t\t\t\t\t\tDavor Podbregar ZT e.U.\t\t\t\t\t\t\t\t<\/div>\n\t\t\t\t<\/div>\n\t\t\t\t<\/div>\n\t\t<div class=\"elementor-element elementor-element-8666ad9 e-con-full e-flex e-con e-child\" data-id=\"8666ad9\" data-element_type=\"container\">\n\t\t\t\t<div class=\"elementor-element elementor-element-d39ee16 elementor-widget elementor-widget-text-editor\" data-id=\"d39ee16\" data-element_type=\"widget\" data-widget_type=\"text-editor.default\">\n\t\t\t\t<div class=\"elementor-widget-container\">\n\t\t\t\t\t\t\t\t\t<p class=\"paragraph\">State-authorised and sworn civil engineer \u2013 Architect (Ziviltechniker)<\/p>\t\t\t\t\t\t\t\t<\/div>\n\t\t\t\t<\/div>\n\t\t\t\t<\/div>\n\t\t<div class=\"elementor-element elementor-element-858fa54 e-con-full e-flex e-con e-child\" data-id=\"858fa54\" data-element_type=\"container\">\n\t\t\t\t<div class=\"elementor-element elementor-element-9882e22 elementor-widget elementor-widget-text-editor\" data-id=\"9882e22\" data-element_type=\"widget\" data-widget_type=\"text-editor.default\">\n\t\t\t\t<div class=\"elementor-widget-container\">\n\t\t\t\t\t\t\t\t\t<p class=\"paragraph\">Elizabeth-T.-Spira-Promenade 2\/7, A-1030 Wien<\/p>\t\t\t\t\t\t\t\t<\/div>\n\t\t\t\t<\/div>\n\t\t\t\t<div class=\"elementor-element elementor-element-601a7ca elementor-widget elementor-widget-text-editor\" data-id=\"601a7ca\" data-element_type=\"widget\" data-widget_type=\"text-editor.default\">\n\t\t\t\t<div class=\"elementor-widget-container\">\n\t\t\t\t\t\t\t\t\t<p>www.sipa-arch.com<\/p>\t\t\t\t\t\t\t\t<\/div>\n\t\t\t\t<\/div>\n\t\t\t\t<div class=\"elementor-element elementor-element-9e5752c elementor-widget elementor-widget-text-editor\" data-id=\"9e5752c\" data-element_type=\"widget\" data-widget_type=\"text-editor.default\">\n\t\t\t\t<div class=\"elementor-widget-container\">\n\t\t\t\t\t\t\t\t\t<p>info@sipa-arch.com<\/p>\t\t\t\t\t\t\t\t<\/div>\n\t\t\t\t<\/div>\n\t\t\t\t<div class=\"elementor-element elementor-element-136850e elementor-widget elementor-widget-text-editor\" data-id=\"136850e\" data-element_type=\"widget\" data-widget_type=\"text-editor.default\">\n\t\t\t\t<div class=\"elementor-widget-container\">\n\t\t\t\t\t\t\t\t\t<p>+43 664 1072040<\/p>\t\t\t\t\t\t\t\t<\/div>\n\t\t\t\t<\/div>\n\t\t\t\t<div class=\"elementor-element elementor-element-7f80552 elementor-widget elementor-widget-text-editor\" data-id=\"7f80552\" data-element_type=\"widget\" data-widget_type=\"text-editor.default\">\n\t\t\t\t<div class=\"elementor-widget-container\">\n\t\t\t\t\t\t\t\t\t<p>Company Register: FN 568889b (Commercial Court of Vienna)<\/p>\t\t\t\t\t\t\t\t<\/div>\n\t\t\t\t<\/div>\n\t\t\t\t<div class=\"elementor-element elementor-element-957003e elementor-widget elementor-widget-text-editor\" data-id=\"957003e\" data-element_type=\"widget\" data-widget_type=\"text-editor.default\">\n\t\t\t\t<div class=\"elementor-widget-container\">\n\t\t\t\t\t\t\t\t\t<p>VAT Number: ATU76227735<\/p>\t\t\t\t\t\t\t\t<\/div>\n\t\t\t\t<\/div>\n\t\t\t\t<\/div>\n\t\t<div class=\"elementor-element elementor-element-0b5c075 e-con-full e-flex e-con e-child\" data-id=\"0b5c075\" data-element_type=\"container\">\n\t\t\t\t<div class=\"elementor-element elementor-element-58e6ddb elementor-widget elementor-widget-text-editor\" data-id=\"58e6ddb\" data-element_type=\"widget\" data-widget_type=\"text-editor.default\">\n\t\t\t\t<div class=\"elementor-widget-container\">\n\t\t\t\t\t\t\t\t\t<p class=\"paragraph\">IBAN: AT31 2011 1822 5667 5502<\/p>\t\t\t\t\t\t\t\t<\/div>\n\t\t\t\t<\/div>\n\t\t\t\t<div class=\"elementor-element elementor-element-5ed4129 elementor-widget elementor-widget-text-editor\" data-id=\"5ed4129\" data-element_type=\"widget\" data-widget_type=\"text-editor.default\">\n\t\t\t\t<div class=\"elementor-widget-container\">\n\t\t\t\t\t\t\t\t\t<p class=\"paragraph\">BIC: GIBAATWWXXX (Erste Bank)<\/p>\t\t\t\t\t\t\t\t<\/div>\n\t\t\t\t<\/div>\n\t\t\t\t<div class=\"elementor-element elementor-element-989f379 elementor-widget elementor-widget-text-editor\" data-id=\"989f379\" data-element_type=\"widget\" data-widget_type=\"text-editor.default\">\n\t\t\t\t<div class=\"elementor-widget-container\">\n\t\t\t\t\t\t\t\t\t<p>Corporate purpose: Architecture office<\/p>\t\t\t\t\t\t\t\t<\/div>\n\t\t\t\t<\/div>\n\t\t\t\t<div class=\"elementor-element elementor-element-3043bd3 elementor-widget elementor-widget-text-editor\" data-id=\"3043bd3\" data-element_type=\"widget\" data-widget_type=\"text-editor.default\">\n\t\t\t\t<div class=\"elementor-widget-container\">\n\t\t\t\t\t\t\t\t\t<p>State-authorised and sworn civil engineer \u2013 Architect (Ziviltechniker)<\/p>\t\t\t\t\t\t\t\t<\/div>\n\t\t\t\t<\/div>\n\t\t\t\t<div class=\"elementor-element elementor-element-7e4a115 elementor-widget elementor-widget-text-editor\" data-id=\"7e4a115\" data-element_type=\"widget\" data-widget_type=\"text-editor.default\">\n\t\t\t\t<div class=\"elementor-widget-container\">\n\t\t\t\t\t\t\t\t\t<p>Member of the Chamber of Civil Engineers for Vienna, Lower Austria and Burgenland<\/p>\t\t\t\t\t\t\t\t<\/div>\n\t\t\t\t<\/div>\n\t\t\t\t<\/div>\n\t\t<div class=\"elementor-element elementor-element-c358396 e-con-full e-flex e-con e-child\" data-id=\"c358396\" data-element_type=\"container\">\n\t\t\t\t<div class=\"elementor-element elementor-element-35e4d35 elementor-widget elementor-widget-text-editor\" data-id=\"35e4d35\" data-element_type=\"widget\" data-widget_type=\"text-editor.default\">\n\t\t\t\t<div class=\"elementor-widget-container\">\n\t\t\t\t\t\t\t\t\t<p class=\"paragraph\">Licensed Architect (ZAPS \u2013 Chamber of Architecture and Spatial Planning of Slovenia)<br>Member of the Chamber of Architecture and Spatial Planning of Slovenia (ZAPS)<\/p>\t\t\t\t\t\t\t\t<\/div>\n\t\t\t\t<\/div>\n\t\t\t\t<div class=\"elementor-element elementor-element-d1564a2 elementor-widget elementor-widget-text-editor\" data-id=\"d1564a2\" data-element_type=\"widget\" data-widget_type=\"text-editor.default\">\n\t\t\t\t<div class=\"elementor-widget-container\">\n\t\t\t\t\t\t\t\t\t<p>Professional regulations: Civil Engineers Law (Ziviltechnikergesetz): <a href=\"https:\/\/www.ris.bka.gv.at\/GeltendeFassung.wxe?Abfrage=Bundesnormen&amp;Gesetzesnummer=20010625\" target=\"_blank\" rel=\"noopener noreferrer external\" data-external=\"1\">www.ris.bka.gv.at<\/a><\/p>\t\t\t\t\t\t\t\t<\/div>\n\t\t\t\t<\/div>\n\t\t\t\t<div class=\"elementor-element elementor-element-07578bd elementor-widget elementor-widget-text-editor\" data-id=\"07578bd\" data-element_type=\"widget\" data-widget_type=\"text-editor.default\">\n\t\t\t\t<div class=\"elementor-widget-container\">\n\t\t\t\t\t\t\t\t\t<p class=\"paragraph\">Supervisory authority: Chamber of Civil Engineers for Vienna, Lower Austria, and Burgenland<\/p>\t\t\t\t\t\t\t\t<\/div>\n\t\t\t\t<\/div>\n\t\t\t\t<div class=\"elementor-element elementor-element-50e1d22 elementor-widget elementor-widget-text-editor\" data-id=\"50e1d22\" data-element_type=\"widget\" data-widget_type=\"text-editor.default\">\n\t\t\t\t<div class=\"elementor-widget-container\">\n\t\t\t\t\t\t\t\t\t<p>This legal notice also applies to our profiles on social networks and online platforms.<\/p>\t\t\t\t\t\t\t\t<\/div>\n\t\t\t\t<\/div>\n\t\t\t\t<\/div>\n\t\t<div class=\"elementor-element elementor-element-b727a07 e-con-full e-flex e-con e-child\" data-id=\"b727a07\" data-element_type=\"container\">\n\t\t\t\t<div class=\"elementor-element elementor-element-68c3919 elementor-widget elementor-widget-text-editor\" data-id=\"68c3919\" data-element_type=\"widget\" data-widget_type=\"text-editor.default\">\n\t\t\t\t<div class=\"elementor-widget-container\">\n\t\t\t\t\t\t\t\t\t<p class=\"paragraph\"><strong style=\"color: var( --e-global-color-text ); font-family: var( --e-global-typography-text-font-family ), Sans-serif; font-size: var( --e-global-typography-text-font-size ); text-align: var(--text-align);\">Liability notice<\/strong><\/p><p>The content of our website has been created with great care and reviewed several times. However, we do not assume any liability for the timeliness, accuracy, or completeness of the information provided. We reserve the right to modify the content of this website at any time.  <\/p><p>This website may contain links to external websites, and external websites may link to this site. We do not assume any liability for links to external websites operated by third parties. <\/p>\t\t\t\t\t\t\t\t<\/div>\n\t\t\t\t<\/div>\n\t\t\t\t<\/div>\n\t\t<div class=\"elementor-element elementor-element-b69b693 e-con-full e-flex e-con e-child\" data-id=\"b69b693\" data-element_type=\"container\">\n\t\t\t\t<div class=\"elementor-element elementor-element-9942950 elementor-widget elementor-widget-text-editor\" data-id=\"9942950\" data-element_type=\"widget\" data-widget_type=\"text-editor.default\">\n\t\t\t\t<div class=\"elementor-widget-container\">\n\t\t\t\t\t\t\t\t\t<p class=\"paragraph\"><strong>Copyright<\/strong><\/p><p>The content and programming of our website are protected by copyright and related rights. Any reproduction or public presentation, in particular of texts, graphics, videos, and photos, is prohibited without prior written consent. All rights reserved.  <\/p>\t\t\t\t\t\t\t\t<\/div>\n\t\t\t\t<\/div>\n\t\t\t\t<\/div>\n\t\t<div class=\"elementor-element elementor-element-80e78c8 e-con-full e-flex e-con e-child\" data-id=\"80e78c8\" data-element_type=\"container\">\n\t\t\t\t<div class=\"elementor-element elementor-element-0c7b20f elementor-widget elementor-widget-text-editor\" data-id=\"0c7b20f\" data-element_type=\"widget\" data-widget_type=\"text-editor.default\">\n\t\t\t\t<div class=\"elementor-widget-container\">\n\t\t\t\t\t\t\t\t\t<p class=\"paragraph\"><strong>Privacy policy<\/strong><\/p><p>Information on the processing of personal data can be found in our <a href=\"https:\/\/sipa-arch.com\/en\/privacy-policy\/\">privacy policy<\/a>.<\/p>\t\t\t\t\t\t\t\t<\/div>\n\t\t\t\t<\/div>\n\t\t\t\t<\/div>\n\t\t<div class=\"elementor-element elementor-element-b6ba40b e-con-full e-flex e-con e-child\" data-id=\"b6ba40b\" data-element_type=\"container\">\n\t\t\t\t<div class=\"elementor-element elementor-element-eb2cd00 elementor-widget elementor-widget-text-editor\" data-id=\"eb2cd00\" data-element_type=\"widget\" data-widget_type=\"text-editor.default\">\n\t\t\t\t<div class=\"elementor-widget-container\">\n\t\t\t\t\t\t\t\t\t<p>Corporate Identity: <a href=\"https:\/\/janvirant.design\/\" target=\"_blank\" rel=\"noopener\">Jan Virant<\/a><\/p><p>Photos: <a href=\"https:\/\/florentinaolareanu.com\/\" target=\"_blank\" rel=\"noopener noreferrer external\" data-external=\"1\">Golden Hour Pictures<\/a>, <a href=\"https:\/\/lovrorozina.com\/\" target=\"_blank\" rel=\"noopener noreferrer external\" data-external=\"1\">Lovro Rozina<\/a>, <a href=\"https:\/\/www.emilblau.de\/\" target=\"_blank\" rel=\"noopener noreferrer external\" data-external=\"1\">Martin Geyer<\/a>, <a href=\"https:\/\/www.lukasschaller.at\/\" target=\"_blank\" rel=\"noopener noreferrer external\" data-external=\"1\">Lukas Schaller<\/a><\/p><p>Design and implementation: <a href=\"https:\/\/www.caboom.at\/\" target=\"_blank\" rel=\"noopener noreferrer external\" data-external=\"1\">caboom<\/a><\/p>\t\t\t\t\t\t\t\t<\/div>\n\t\t\t\t<\/div>\n\t\t\t\t<\/div>\n\t\t\t\t<div class=\"elementor-element elementor-element-e4d7a8b elementor-hidden-desktop elementor-hidden-tablet elementor-hidden-mobile_extra elementor-hidden-mobile elementor-widget elementor-widget-text-editor\" data-id=\"e4d7a8b\" data-element_type=\"widget\" data-widget_type=\"text-editor.default\">\n\t\t\t\t<div class=\"elementor-widget-container\">\n\t\t\t\t\t\t\t\t\t<p class=\"paragraph\">sipa Architektur,<br><br>Davor Podbregar ZT e.U.<\/p><p class=\"paragraph\">State-authorised and sworn civil engineer \u2013 Architect (Ziviltechniker)<\/p><p class=\"paragraph\">Elizabeth-T.-Spira-Promenade 2\/7, A-1030 Wien<br><br>www.sipa-arch.com<br><br>info@sipa-arch.com<br><br>+43 664 1072040<br><br>Firmenbuch: FN 568889b (Handelsgericht Wien)<br><br>UID-Nummer: ATU76227735<\/p><p class=\"paragraph\">IBAN: AT31 2011 1822 5667 5502<\/p><p>BIC: GIBAATWWXXX (Erste Bank)<br><br>Unternehmensgegenstand: Architekturb\u00fcro<br><br>Staatlich befugter und beeideter Ziviltechniker &#8211; Architekt<br><br>Mitglied der Kammer der ZiviltechnikerInnen f\u00fcr Wien, Nieder\u00f6sterreich und Burgenland<\/p><p class=\"paragraph\">Befugter Architekt der ZAPS (Kammer f\u00fcr Architektur und Raumplanung Sloweniens)<br>Mitglied der Kammer f\u00fcr Architektur und Raumplanung Sloweniens (ZAPS)<br><br>Berufsrecht: Ziviltechnikergesetz: <a href=\"https:\/\/www.ris.bka.gv.at\/GeltendeFassung.wxe?Abfrage=Bundesnormen&amp;Gesetzesnummer=20010625\" target=\"_blank\" rel=\"noopener noreferrer external\" data-external=\"1\">www.ris.bka.gv.at<\/a><br><br>Aufsichtsbeh\u00f6rde: Kammer der ZiviltechnikerInnen f\u00fcr Wien, Nieder\u00f6sterreich und Burgenland<br><br>Dieses Impressum gilt auch f\u00fcr unsere Profile auf sozialen Netzwerken und Plattformen.<br><br><\/p><p class=\"paragraph\"><strong style=\"color: var( --e-global-color-text ); font-family: var( --e-global-typography-text-font-family ), Sans-serif; font-size: var( --e-global-typography-text-font-size ); text-align: var(--text-align);\">Liability notice<\/strong><\/p><p>The content of our website has been created with great care and reviewed several times. However, we do not assume any liability for the timeliness, accuracy, or completeness of the information provided. We reserve the right to modify the content of this website at any time.  <\/p><p>This website may contain links to external websites, and external websites may link to this site. We do not assume any liability for links to external websites operated by third parties. <\/p><p class=\"paragraph\"><strong>Copyright<\/strong><\/p><p>The content and programming of our website are protected by copyright and related rights. Any reproduction or public presentation, in particular of texts, graphics, videos, and photos, is prohibited without prior written consent. All rights reserved.  <\/p><p class=\"paragraph\"><strong>Privacy policy<\/strong><\/p><p>Information on the processing of personal data can be found in our <a href=\"https:\/\/sipa-arch.com\/en\/privacy-policy\/\">privacy policy<\/a>.<\/p><p>Corporate Identity: <a href=\"https:\/\/janvirant.design\/\" target=\"_blank\" rel=\"noopener\">Jan Virant<\/a><br><br>Fotos: <a href=\"https:\/\/florentinaolareanu.com\/\" target=\"_blank\" rel=\"noopener noreferrer external\" data-external=\"1\">Golden Hour Pictures<\/a>, <a href=\"https:\/\/lovrorozina.com\/\" target=\"_blank\" rel=\"noopener noreferrer external\" data-external=\"1\">Lovro Rozina<\/a>,<br><a href=\"https:\/\/www.emilblau.de\/\" target=\"_blank\" rel=\"noopener noreferrer external\" data-external=\"1\">Martin Geyer<\/a>, <a href=\"https:\/\/www.lukasschaller.at\/\" target=\"_blank\" rel=\"noopener noreferrer external\" data-external=\"1\">Lukas Schaller<\/a><br><br>Design und Umsetzung: <a href=\"https:\/\/www.caboom.at\/\" target=\"_blank\" rel=\"noopener noreferrer external\" data-external=\"1\">caboom<\/a><\/p>\t\t\t\t\t\t\t\t<\/div>\n\t\t\t\t<\/div>\n\t\t\t\t<\/div>\n\t\t\t\t<\/div>\n\t\t\t\t\t<\/div>\n\t\t\t\t<\/div>\n\t\t\t\t<\/div>\n\t\t","protected":false},"excerpt":{"rendered":"<p>Imprint sipa Architektur,Davor Podbregar ZT e.U. State-authorised and sworn civil engineer \u2013 Architect (Ziviltechniker) Elizabeth-T.-Spira-Promenade 2\/7, A-1030 Wien www.sipa-arch.com info@sipa-arch.com +43 664 1072040 Company Register: FN 568889b (Commercial Court of Vienna) VAT Number: ATU76227735 IBAN: AT31 2011 1822 5667 5502 BIC: GIBAATWWXXX (Erste Bank) Corporate purpose: Architecture office State-authorised and sworn civil engineer \u2013 Architect [&hellip;]<\/p>\n","protected":false},"author":1,"featured_media":0,"parent":0,"menu_order":0,"comment_status":"closed","ping_status":"closed","template":"elementor_header_footer","meta":{"_acf_changed":false,"footnotes":""},"class_list":["post-2991","page","type-page","status-publish","hentry"],"acf":[],"_links":{"self":[{"href":"https:\/\/sipa-arch.com\/en\/wp-json\/wp\/v2\/pages\/2991","targetHints":{"allow":["GET"]}}],"collection":[{"href":"https:\/\/sipa-arch.com\/en\/wp-json\/wp\/v2\/pages"}],"about":[{"href":"https:\/\/sipa-arch.com\/en\/wp-json\/wp\/v2\/types\/page"}],"author":[{"embeddable":true,"href":"https:\/\/sipa-arch.com\/en\/wp-json\/wp\/v2\/users\/1"}],"replies":[{"embeddable":true,"href":"https:\/\/sipa-arch.com\/en\/wp-json\/wp\/v2\/comments?post=2991"}],"version-history":[{"count":25,"href":"https:\/\/sipa-arch.com\/en\/wp-json\/wp\/v2\/pages\/2991\/revisions"}],"predecessor-version":[{"id":5177,"href":"https:\/\/sipa-arch.com\/en\/wp-json\/wp\/v2\/pages\/2991\/revisions\/5177"}],"wp:attachment":[{"href":"https:\/\/sipa-arch.com\/en\/wp-json\/wp\/v2\/media?parent=2991"}],"curies":[{"name":"wp","href":"https:\/\/api.w.org\/{rel}","templated":true}]}}