{"id":2993,"date":"2024-08-18T13:53:01","date_gmt":"2024-08-18T11:53:01","guid":{"rendered":"https:\/\/sipa-arch.com\/podatki-o-podjetju\/"},"modified":"2025-11-27T11:27:15","modified_gmt":"2025-11-27T10:27:15","slug":"podatki-o-podjetju","status":"publish","type":"page","link":"https:\/\/sipa-arch.com\/sl\/podatki-o-podjetju\/","title":{"rendered":"Podatki o podjetju"},"content":{"rendered":"\t\t<div data-elementor-type=\"wp-page\" data-elementor-id=\"2993\" class=\"elementor elementor-2993 elementor-252\" data-elementor-post-type=\"page\">\n\t\t\t\t<div class=\"elementor-element elementor-element-af00e93 e-flex e-con-boxed e-con e-parent\" data-id=\"af00e93\" data-element_type=\"container\">\n\t\t\t\t\t<div class=\"e-con-inner\">\n\t\t<div class=\"elementor-element elementor-element-1da2159 e-con-full e-flex e-con e-child\" data-id=\"1da2159\" data-element_type=\"container\">\n\t\t<div class=\"elementor-element elementor-element-82f3682 e-con-full e-flex e-con e-child\" data-id=\"82f3682\" data-element_type=\"container\">\n\t\t\t\t<div class=\"elementor-element elementor-element-a3a26c7 elementor-widget__width-auto elementor-widget elementor-widget-heading\" data-id=\"a3a26c7\" data-element_type=\"widget\" data-widget_type=\"heading.default\">\n\t\t\t\t<div class=\"elementor-widget-container\">\n\t\t\t\t\t<h2 class=\"elementor-heading-title elementor-size-default\">Podatki o podjetju<\/h2>\t\t\t\t<\/div>\n\t\t\t\t<\/div>\n\t\t<div class=\"elementor-element elementor-element-b750bb6 e-con-full e-flex e-con e-child\" data-id=\"b750bb6\" data-element_type=\"container\">\n\t\t\t\t<div class=\"elementor-element elementor-element-256dfbb elementor-widget elementor-widget-text-editor\" data-id=\"256dfbb\" data-element_type=\"widget\" data-widget_type=\"text-editor.default\">\n\t\t\t\t<div class=\"elementor-widget-container\">\n\t\t\t\t\t\t\t\t\tsipa Architektur,\t\t\t\t\t\t\t\t<\/div>\n\t\t\t\t<\/div>\n\t\t\t\t<div class=\"elementor-element elementor-element-a16f2fc elementor-widget elementor-widget-text-editor\" data-id=\"a16f2fc\" data-element_type=\"widget\" data-widget_type=\"text-editor.default\">\n\t\t\t\t<div class=\"elementor-widget-container\">\n\t\t\t\t\t\t\t\t\tDavor Podbregar ZT e.U.\t\t\t\t\t\t\t\t<\/div>\n\t\t\t\t<\/div>\n\t\t\t\t<\/div>\n\t\t<div class=\"elementor-element elementor-element-8666ad9 e-con-full e-flex e-con e-child\" data-id=\"8666ad9\" data-element_type=\"container\">\n\t\t\t\t<div class=\"elementor-element elementor-element-d39ee16 elementor-widget elementor-widget-text-editor\" data-id=\"d39ee16\" data-element_type=\"widget\" data-widget_type=\"text-editor.default\">\n\t\t\t\t<div class=\"elementor-widget-container\">\n\t\t\t\t\t\t\t\t\t<p class=\"paragraph\">Dr\u017eavno poobla\u0161\u010deni in prise\u017eeni poobla\u0161\u010deni in\u017eenir &#8211; Arhitekt (Ziviltechniker)<\/p>\t\t\t\t\t\t\t\t<\/div>\n\t\t\t\t<\/div>\n\t\t\t\t<\/div>\n\t\t<div class=\"elementor-element elementor-element-858fa54 e-con-full e-flex e-con e-child\" data-id=\"858fa54\" data-element_type=\"container\">\n\t\t\t\t<div class=\"elementor-element elementor-element-9882e22 elementor-widget elementor-widget-text-editor\" data-id=\"9882e22\" data-element_type=\"widget\" data-widget_type=\"text-editor.default\">\n\t\t\t\t<div class=\"elementor-widget-container\">\n\t\t\t\t\t\t\t\t\t<p class=\"paragraph\">Elizabeth-T.-Spira-Promenade 2\/7, A-1030 Wien<\/p>\t\t\t\t\t\t\t\t<\/div>\n\t\t\t\t<\/div>\n\t\t\t\t<div class=\"elementor-element elementor-element-601a7ca elementor-widget elementor-widget-text-editor\" data-id=\"601a7ca\" data-element_type=\"widget\" data-widget_type=\"text-editor.default\">\n\t\t\t\t<div class=\"elementor-widget-container\">\n\t\t\t\t\t\t\t\t\t<p>www.sipa-arch.com<\/p>\t\t\t\t\t\t\t\t<\/div>\n\t\t\t\t<\/div>\n\t\t\t\t<div class=\"elementor-element elementor-element-9e5752c elementor-widget elementor-widget-text-editor\" data-id=\"9e5752c\" data-element_type=\"widget\" data-widget_type=\"text-editor.default\">\n\t\t\t\t<div class=\"elementor-widget-container\">\n\t\t\t\t\t\t\t\t\t<p>info@sipa-arch.com<\/p>\t\t\t\t\t\t\t\t<\/div>\n\t\t\t\t<\/div>\n\t\t\t\t<div class=\"elementor-element elementor-element-136850e elementor-widget elementor-widget-text-editor\" data-id=\"136850e\" data-element_type=\"widget\" data-widget_type=\"text-editor.default\">\n\t\t\t\t<div class=\"elementor-widget-container\">\n\t\t\t\t\t\t\t\t\t<p>+43 664 1072040<\/p>\t\t\t\t\t\t\t\t<\/div>\n\t\t\t\t<\/div>\n\t\t\t\t<div class=\"elementor-element elementor-element-7f80552 elementor-widget elementor-widget-text-editor\" data-id=\"7f80552\" data-element_type=\"widget\" data-widget_type=\"text-editor.default\">\n\t\t\t\t<div class=\"elementor-widget-container\">\n\t\t\t\t\t\t\t\t\t<p>Mati\u010dna \u0161tevilka: FN 568889b (Gospodarsko sodi\u0161\u010de na Dunaju)<\/p>\t\t\t\t\t\t\t\t<\/div>\n\t\t\t\t<\/div>\n\t\t\t\t<div class=\"elementor-element elementor-element-957003e elementor-widget elementor-widget-text-editor\" data-id=\"957003e\" data-element_type=\"widget\" data-widget_type=\"text-editor.default\">\n\t\t\t\t<div class=\"elementor-widget-container\">\n\t\t\t\t\t\t\t\t\t<p>ID za DDV: ATU76227735<\/p>\t\t\t\t\t\t\t\t<\/div>\n\t\t\t\t<\/div>\n\t\t\t\t<\/div>\n\t\t<div class=\"elementor-element elementor-element-0b5c075 e-con-full e-flex e-con e-child\" data-id=\"0b5c075\" data-element_type=\"container\">\n\t\t\t\t<div class=\"elementor-element elementor-element-58e6ddb elementor-widget elementor-widget-text-editor\" data-id=\"58e6ddb\" data-element_type=\"widget\" data-widget_type=\"text-editor.default\">\n\t\t\t\t<div class=\"elementor-widget-container\">\n\t\t\t\t\t\t\t\t\t<p class=\"paragraph\">IBAN: AT31 2011 1822 5667 5502<\/p>\t\t\t\t\t\t\t\t<\/div>\n\t\t\t\t<\/div>\n\t\t\t\t<div class=\"elementor-element elementor-element-5ed4129 elementor-widget elementor-widget-text-editor\" data-id=\"5ed4129\" data-element_type=\"widget\" data-widget_type=\"text-editor.default\">\n\t\t\t\t<div class=\"elementor-widget-container\">\n\t\t\t\t\t\t\t\t\t<p class=\"paragraph\">BIC: GIBAATWWXXX (Erste Bank)<\/p>\t\t\t\t\t\t\t\t<\/div>\n\t\t\t\t<\/div>\n\t\t\t\t<div class=\"elementor-element elementor-element-989f379 elementor-widget elementor-widget-text-editor\" data-id=\"989f379\" data-element_type=\"widget\" data-widget_type=\"text-editor.default\">\n\t\t\t\t<div class=\"elementor-widget-container\">\n\t\t\t\t\t\t\t\t\t<p>Predmet poslovanja: arhitekturni biro<\/p>\t\t\t\t\t\t\t\t<\/div>\n\t\t\t\t<\/div>\n\t\t\t\t<div class=\"elementor-element elementor-element-3043bd3 elementor-widget elementor-widget-text-editor\" data-id=\"3043bd3\" data-element_type=\"widget\" data-widget_type=\"text-editor.default\">\n\t\t\t\t<div class=\"elementor-widget-container\">\n\t\t\t\t\t\t\t\t\t<p>Dr\u017eavno poobla\u0161\u010deni in prise\u017eeni poobla\u0161\u010deni in\u017eenir &#8211; Arhitekt (Ziviltechniker)<\/p>\t\t\t\t\t\t\t\t<\/div>\n\t\t\t\t<\/div>\n\t\t\t\t<div class=\"elementor-element elementor-element-7e4a115 elementor-widget elementor-widget-text-editor\" data-id=\"7e4a115\" data-element_type=\"widget\" data-widget_type=\"text-editor.default\">\n\t\t\t\t<div class=\"elementor-widget-container\">\n\t\t\t\t\t\t\t\t\t<p>\u010clan Zbornice poobla\u0161\u010denih in\u017eenirjev za Dunaj, Spodnjo Avstrijo in Gradi\u0161\u010dansko<\/p>\t\t\t\t\t\t\t\t<\/div>\n\t\t\t\t<\/div>\n\t\t\t\t<\/div>\n\t\t<div class=\"elementor-element elementor-element-c358396 e-con-full e-flex e-con e-child\" data-id=\"c358396\" data-element_type=\"container\">\n\t\t\t\t<div class=\"elementor-element elementor-element-35e4d35 elementor-widget elementor-widget-text-editor\" data-id=\"35e4d35\" data-element_type=\"widget\" data-widget_type=\"text-editor.default\">\n\t\t\t\t<div class=\"elementor-widget-container\">\n\t\t\t\t\t\t\t\t\t<p class=\"paragraph\">Poobla\u0161\u010deni arhitekt ZAPS<br>\u010clan Zbornice za arhitekturo in prostor Slovenije<\/p>\t\t\t\t\t\t\t\t<\/div>\n\t\t\t\t<\/div>\n\t\t\t\t<div class=\"elementor-element elementor-element-d1564a2 elementor-widget elementor-widget-text-editor\" data-id=\"d1564a2\" data-element_type=\"widget\" data-widget_type=\"text-editor.default\">\n\t\t\t\t<div class=\"elementor-widget-container\">\n\t\t\t\t\t\t\t\t\t<p>Poklicna zakonodaja: Zakon o poobla\u0161\u010denih in\u017eenirjih (Ziviltechnikergesetz): <a href=\"https:\/\/www.ris.bka.gv.at\/GeltendeFassung.wxe?Abfrage=Bundesnormen&amp;Gesetzesnummer=20010625\" target=\"_blank\" rel=\"noopener noreferrer external\" data-external=\"1\">www.ris.bka.gv.at<\/a><\/p>\t\t\t\t\t\t\t\t<\/div>\n\t\t\t\t<\/div>\n\t\t\t\t<div class=\"elementor-element elementor-element-07578bd elementor-widget elementor-widget-text-editor\" data-id=\"07578bd\" data-element_type=\"widget\" data-widget_type=\"text-editor.default\">\n\t\t\t\t<div class=\"elementor-widget-container\">\n\t\t\t\t\t\t\t\t\t<p class=\"paragraph\">Nadzorni organ: Zbornica poobla\u0161\u010denih in\u017eenirjev za Dunaj, Spodnjo Avstrijo in Gradi\u0161\u010dansko<\/p>\t\t\t\t\t\t\t\t<\/div>\n\t\t\t\t<\/div>\n\t\t\t\t<div class=\"elementor-element elementor-element-50e1d22 elementor-widget elementor-widget-text-editor\" data-id=\"50e1d22\" data-element_type=\"widget\" data-widget_type=\"text-editor.default\">\n\t\t\t\t<div class=\"elementor-widget-container\">\n\t\t\t\t\t\t\t\t\t<p>Ta pravni pouk velja tudi za na\u0161e profile na dru\u017ebenih omre\u017ejih in spletnih platformah.<\/p>\t\t\t\t\t\t\t\t<\/div>\n\t\t\t\t<\/div>\n\t\t\t\t<\/div>\n\t\t<div class=\"elementor-element elementor-element-b727a07 e-con-full e-flex e-con e-child\" data-id=\"b727a07\" data-element_type=\"container\">\n\t\t\t\t<div class=\"elementor-element elementor-element-68c3919 elementor-widget elementor-widget-text-editor\" data-id=\"68c3919\" data-element_type=\"widget\" data-widget_type=\"text-editor.default\">\n\t\t\t\t<div class=\"elementor-widget-container\">\n\t\t\t\t\t\t\t\t\t<p class=\"paragraph\"><strong style=\"color: var( --e-global-color-text ); font-family: var( --e-global-typography-text-font-family ), Sans-serif; font-size: var( --e-global-typography-text-font-size ); text-align: var(--text-align);\">Omejitev odgovornosti<\/strong><\/p><p>Vsebina na\u0161e spletne strani je bila pripravljena z najve\u010djo skrbnostjo in ve\u010dkrat preverjena. Kljub temu ne prevzemamo odgovornosti za a\u017eurnost, pravilnost ali popolnost navedenih informacij. Pridr\u017eujemo si pravico, da vsebino spletne strani kadarkoli spremenimo.  <\/p><p>Spletna stran lahko vsebuje povezave do zunanjih spletnih strani, prav tako lahko zunanje spletne strani vsebujejo povezave do na\u0161e spletne strani. Ne prevzemamo odgovornosti za vsebino zunanjih spletnih strani, ki jih upravljajo tretje osebe. <\/p>\t\t\t\t\t\t\t\t<\/div>\n\t\t\t\t<\/div>\n\t\t\t\t<\/div>\n\t\t<div class=\"elementor-element elementor-element-b69b693 e-con-full e-flex e-con e-child\" data-id=\"b69b693\" data-element_type=\"container\">\n\t\t\t\t<div class=\"elementor-element elementor-element-9942950 elementor-widget elementor-widget-text-editor\" data-id=\"9942950\" data-element_type=\"widget\" data-widget_type=\"text-editor.default\">\n\t\t\t\t<div class=\"elementor-widget-container\">\n\t\t\t\t\t\t\t\t\t<p class=\"paragraph\"><strong>Avtorske pravice<\/strong><\/p><p>Vsebina in programska zasnova na\u0161e spletne strani sta za\u0161\u010diteni z avtorskimi in sorodnimi pravicami. Vsako razmno\u017eevanje ali javno prikazovanje, zlasti besedil, grafik, videov in fotografij, je brez predhodnega pisnega soglasja prepovedano. Vse pravice pridr\u017eane.  <\/p>\t\t\t\t\t\t\t\t<\/div>\n\t\t\t\t<\/div>\n\t\t\t\t<\/div>\n\t\t<div class=\"elementor-element elementor-element-80e78c8 e-con-full e-flex e-con e-child\" data-id=\"80e78c8\" data-element_type=\"container\">\n\t\t\t\t<div class=\"elementor-element elementor-element-0c7b20f elementor-widget elementor-widget-text-editor\" data-id=\"0c7b20f\" data-element_type=\"widget\" data-widget_type=\"text-editor.default\">\n\t\t\t\t<div class=\"elementor-widget-container\">\n\t\t\t\t\t\t\t\t\t<p class=\"paragraph\"><strong>Politika zasebnosti<\/strong><\/p><p>Informacije o obdelavi osebnih podatkov so na voljo v na\u0161i izjavi o <a href=\"https:\/\/sipa-arch.com\/sl\/politika-zasebnosti\/\">varstvu podatkov<\/a>.<\/p>\t\t\t\t\t\t\t\t<\/div>\n\t\t\t\t<\/div>\n\t\t\t\t<\/div>\n\t\t<div class=\"elementor-element elementor-element-b6ba40b e-con-full e-flex e-con e-child\" data-id=\"b6ba40b\" data-element_type=\"container\">\n\t\t\t\t<div class=\"elementor-element elementor-element-eb2cd00 elementor-widget elementor-widget-text-editor\" data-id=\"eb2cd00\" data-element_type=\"widget\" data-widget_type=\"text-editor.default\">\n\t\t\t\t<div class=\"elementor-widget-container\">\n\t\t\t\t\t\t\t\t\t<p>Celostna grafi\u010dna podoba: <a href=\"https:\/\/janvirant.design\/\" target=\"_blank\" rel=\"noopener\">Jan Virant<\/a><\/p><p>Fotografije: <a href=\"https:\/\/florentinaolareanu.com\/\" target=\"_blank\" rel=\"noopener noreferrer external\" data-external=\"1\">Golden Hour Pictures<\/a>, <a href=\"https:\/\/lovrorozina.com\/\" target=\"_blank\" rel=\"noopener noreferrer external\" data-external=\"1\">Lovro Rozina<\/a>, <a href=\"https:\/\/www.emilblau.de\/\" target=\"_blank\" rel=\"noopener noreferrer external\" data-external=\"1\">Martin Geyer<\/a>, <a href=\"https:\/\/www.lukasschaller.at\/\" target=\"_blank\" rel=\"noopener noreferrer external\" data-external=\"1\">Lukas Schaller<\/a><\/p><p>Oblikovanje in izvedba: <a href=\"https:\/\/www.caboom.at\/\" target=\"_blank\" rel=\"noopener noreferrer external\" data-external=\"1\">caboom<\/a><\/p>\t\t\t\t\t\t\t\t<\/div>\n\t\t\t\t<\/div>\n\t\t\t\t<\/div>\n\t\t\t\t<div class=\"elementor-element elementor-element-e4d7a8b elementor-hidden-desktop elementor-hidden-tablet elementor-hidden-mobile_extra elementor-hidden-mobile elementor-widget elementor-widget-text-editor\" data-id=\"e4d7a8b\" data-element_type=\"widget\" data-widget_type=\"text-editor.default\">\n\t\t\t\t<div class=\"elementor-widget-container\">\n\t\t\t\t\t\t\t\t\t<p class=\"paragraph\">sipa Architektur,<br><br>Davor Podbregar ZT e.U.<\/p><p class=\"paragraph\">Dr\u017eavno poobla\u0161\u010deni in prise\u017eeni poobla\u0161\u010deni in\u017eenir &#8211; Arhitekt (Ziviltechniker)<\/p><p class=\"paragraph\">Elizabeth-T.-Spira-Promenade 2\/7, A-1030 Wien<br><br>www.sipa-arch.com<br><br>info@sipa-arch.com<br><br>+43 664 1072040<br><br>Firmenbuch: FN 568889b (Handelsgericht Wien)<br><br>UID-Nummer: ATU76227735<\/p><p class=\"paragraph\">IBAN: AT31 2011 1822 5667 5502<\/p><p>BIC: GIBAATWWXXX (Erste Bank)<br><br>Unternehmensgegenstand: Architekturb\u00fcro<br><br>Staatlich befugter und beeideter Ziviltechniker &#8211; Architekt<br><br>Mitglied der Kammer der ZiviltechnikerInnen f\u00fcr Wien, Nieder\u00f6sterreich und Burgenland<\/p><p class=\"paragraph\">Befugter Architekt der ZAPS (Kammer f\u00fcr Architektur und Raumplanung Sloweniens)<br>Mitglied der Kammer f\u00fcr Architektur und Raumplanung Sloweniens (ZAPS)<br><br>Berufsrecht: Ziviltechnikergesetz: <a href=\"https:\/\/www.ris.bka.gv.at\/GeltendeFassung.wxe?Abfrage=Bundesnormen&amp;Gesetzesnummer=20010625\" target=\"_blank\" rel=\"noopener noreferrer external\" data-external=\"1\">www.ris.bka.gv.at<\/a><br><br>Aufsichtsbeh\u00f6rde: Kammer der ZiviltechnikerInnen f\u00fcr Wien, Nieder\u00f6sterreich und Burgenland<br><br>Dieses Impressum gilt auch f\u00fcr unsere Profile auf sozialen Netzwerken und Plattformen.<br><br><\/p><p class=\"paragraph\"><strong style=\"color: var( --e-global-color-text ); font-family: var( --e-global-typography-text-font-family ), Sans-serif; font-size: var( --e-global-typography-text-font-size ); text-align: var(--text-align);\">Omejitev odgovornosti<\/strong><\/p><p>Vsebina na\u0161e spletne strani je bila pripravljena z najve\u010djo skrbnostjo in ve\u010dkrat preverjena. Kljub temu ne prevzemamo odgovornosti za a\u017eurnost, pravilnost ali popolnost navedenih informacij. Pridr\u017eujemo si pravico, da vsebino spletne strani kadarkoli spremenimo.  <\/p><p>Spletna stran lahko vsebuje povezave do zunanjih spletnih strani, prav tako lahko zunanje spletne strani vsebujejo povezave do na\u0161e spletne strani. Ne prevzemamo odgovornosti za vsebino zunanjih spletnih strani, ki jih upravljajo tretje osebe. <\/p><p class=\"paragraph\"><strong>Avtorske pravice<\/strong><\/p><p>Vsebina in programska zasnova na\u0161e spletne strani sta za\u0161\u010diteni z avtorskimi in sorodnimi pravicami. Vsako razmno\u017eevanje ali javno prikazovanje, zlasti besedil, grafik, videov in fotografij, je brez predhodnega pisnega soglasja prepovedano. Vse pravice pridr\u017eane.  <\/p><p class=\"paragraph\"><strong>Politika zasebnosti<\/strong><\/p><p>Informacije o obdelavi osebnih podatkov so na voljo v na\u0161i izjavi o <a href=\"https:\/\/sipa-arch.com\/sl\/podatki-o-podjetju\/\">varstvu podatkov<\/a>.<\/p><p>Corporate Identity: <a href=\"https:\/\/janvirant.design\/\" target=\"_blank\" rel=\"noopener\">Jan Virant<\/a><br><br>Fotos: <a href=\"https:\/\/florentinaolareanu.com\/\" target=\"_blank\" rel=\"noopener noreferrer external\" data-external=\"1\">Golden Hour Pictures<\/a>, <a href=\"https:\/\/lovrorozina.com\/\" target=\"_blank\" rel=\"noopener noreferrer external\" data-external=\"1\">Lovro Rozina<\/a>,<br><a href=\"https:\/\/www.emilblau.de\/\" target=\"_blank\" rel=\"noopener noreferrer external\" data-external=\"1\">Martin Geyer<\/a>, <a href=\"https:\/\/www.lukasschaller.at\/\" target=\"_blank\" rel=\"noopener noreferrer external\" data-external=\"1\">Lukas Schaller<\/a><br><br>Design und Umsetzung: <a href=\"https:\/\/www.caboom.at\/\" target=\"_blank\" rel=\"noopener noreferrer external\" data-external=\"1\">caboom<\/a><\/p>\t\t\t\t\t\t\t\t<\/div>\n\t\t\t\t<\/div>\n\t\t\t\t<\/div>\n\t\t\t\t<\/div>\n\t\t\t\t\t<\/div>\n\t\t\t\t<\/div>\n\t\t\t\t<\/div>\n\t\t","protected":false},"excerpt":{"rendered":"<p>Podatki o podjetju sipa Architektur,Davor Podbregar ZT e.U. Dr\u017eavno poobla\u0161\u010deni in prise\u017eeni poobla\u0161\u010deni in\u017eenir &#8211; Arhitekt (Ziviltechniker) Elizabeth-T.-Spira-Promenade 2\/7, A-1030 Wien www.sipa-arch.com info@sipa-arch.com +43 664 1072040 Mati\u010dna \u0161tevilka: FN 568889b (Gospodarsko sodi\u0161\u010de na Dunaju) ID za DDV: ATU76227735 IBAN: AT31 2011 1822 5667 5502 BIC: GIBAATWWXXX (Erste Bank) Predmet poslovanja: arhitekturni biro Dr\u017eavno poobla\u0161\u010deni in [&hellip;]<\/p>\n","protected":false},"author":1,"featured_media":0,"parent":0,"menu_order":0,"comment_status":"closed","ping_status":"closed","template":"elementor_header_footer","meta":{"_acf_changed":false,"footnotes":""},"class_list":["post-2993","page","type-page","status-publish","hentry"],"acf":[],"_links":{"self":[{"href":"https:\/\/sipa-arch.com\/sl\/wp-json\/wp\/v2\/pages\/2993","targetHints":{"allow":["GET"]}}],"collection":[{"href":"https:\/\/sipa-arch.com\/sl\/wp-json\/wp\/v2\/pages"}],"about":[{"href":"https:\/\/sipa-arch.com\/sl\/wp-json\/wp\/v2\/types\/page"}],"author":[{"embeddable":true,"href":"https:\/\/sipa-arch.com\/sl\/wp-json\/wp\/v2\/users\/1"}],"replies":[{"embeddable":true,"href":"https:\/\/sipa-arch.com\/sl\/wp-json\/wp\/v2\/comments?post=2993"}],"version-history":[{"count":12,"href":"https:\/\/sipa-arch.com\/sl\/wp-json\/wp\/v2\/pages\/2993\/revisions"}],"predecessor-version":[{"id":5132,"href":"https:\/\/sipa-arch.com\/sl\/wp-json\/wp\/v2\/pages\/2993\/revisions\/5132"}],"wp:attachment":[{"href":"https:\/\/sipa-arch.com\/sl\/wp-json\/wp\/v2\/media?parent=2993"}],"curies":[{"name":"wp","href":"https:\/\/api.w.org\/{rel}","templated":true}]}}